{"id":65,"date":"2023-07-17T15:36:24","date_gmt":"2023-07-17T13:36:24","guid":{"rendered":"http:\/\/researchmeup.fr\/?page_id=65"},"modified":"2023-07-24T12:48:40","modified_gmt":"2023-07-24T10:48:40","slug":"nos-prestations","status":"publish","type":"page","link":"https:\/\/researchmeup.fr\/index.php\/nos-prestations\/","title":{"rendered":"Nos prestations"},"content":{"rendered":"\n<div class=\"wp-block-group has-text-color has-background is-layout-constrained wp-block-group-is-layout-constrained\" style=\"color:#000000;background-color:#ffffff\">\n<div class=\"wp-block-group about-section-topslant is-layout-constrained wp-container-core-group-is-layout-465a2fef wp-block-group-is-layout-constrained\" style=\"padding-top:0;padding-right:0;padding-bottom:0;padding-left:0\">\n<div class=\"wp-block-cover alignwide is-light\" style=\"padding-top:0;padding-right:0;padding-bottom:0;padding-left:0;min-height:692px;aspect-ratio:unset;\"><span aria-hidden=\"true\" class=\"wp-block-cover__background has-secondary-background-color has-background-dim-0 has-background-dim\"><\/span><div class=\"wp-block-cover__inner-container is-layout-flow wp-block-cover-is-layout-flow\">\n<div class=\"wp-block-group is-layout-constrained wp-container-core-group-is-layout-da7f0b59 wp-block-group-is-layout-constrained\">\n<div class=\"wp-block-columns is-layout-flex wp-container-core-columns-is-layout-28f84493 wp-block-columns-is-layout-flex\">\n<div class=\"wp-block-column is-vertically-aligned-center is-layout-flow wp-block-column-is-layout-flow\" style=\"padding-top:var(--wp--preset--spacing--60);flex-basis:40%\">\n<h6 class=\"wp-block-heading has-sub-heading-color-color has-text-color\" style=\"margin-top:0;margin-bottom:0\">NOS SERVICES<\/h6>\n\n\n\n<h2 class=\"wp-block-heading has-heading-color-color has-text-color\" style=\"margin-top:var(--wp--preset--spacing--20);font-size:52px;font-style:normal;font-weight:600\">Un accompagnement \u00e0 la carte<\/h2>\n\n\n\n<p class=\"has-foreground-color has-text-color\" style=\"font-size:18px\">Trouvez les experts qualifi\u00e9s dont vous avez besoin pour votre recherche clinique. <\/p>\n\n\n\n<p class=\"has-foreground-color has-text-color\" style=\"font-size:18px\">Notre r\u00e9seau regroupe des chercheurs, des m\u00e9decins, des statisticiens et d&#8217;autres professionnels de la sant\u00e9 comp\u00e9tents, pour vous accompagner dans votre parcours de recherche clinique.<\/p>\n\n\n\n<div class=\"wp-block-buttons is-layout-flex wp-block-buttons-is-layout-flex\"><\/div>\n<\/div>\n\n\n\n<div class=\"wp-block-column is-vertically-aligned-center is-layout-flow wp-block-column-is-layout-flow\">\n<figure class=\"wp-block-image alignright size-large is-resized wp-duotone-unset-1\"><img loading=\"lazy\" decoding=\"async\" src=\"http:\/\/researchmeup.fr\/wp-content\/uploads\/2023\/07\/waterfall-method-bro-1-3-1024x1024.png\" alt=\"\" class=\"wp-image-160\" width=\"536\" height=\"536\" srcset=\"https:\/\/researchmeup.fr\/wp-content\/uploads\/2023\/07\/waterfall-method-bro-1-3-1024x1024.png 1024w, https:\/\/researchmeup.fr\/wp-content\/uploads\/2023\/07\/waterfall-method-bro-1-3-300x300.png 300w, https:\/\/researchmeup.fr\/wp-content\/uploads\/2023\/07\/waterfall-method-bro-1-3-150x150.png 150w, https:\/\/researchmeup.fr\/wp-content\/uploads\/2023\/07\/waterfall-method-bro-1-3-768x768.png 768w, https:\/\/researchmeup.fr\/wp-content\/uploads\/2023\/07\/waterfall-method-bro-1-3-1536x1536.png 1536w, https:\/\/researchmeup.fr\/wp-content\/uploads\/2023\/07\/waterfall-method-bro-1-3.png 2000w\" sizes=\"auto, (max-width: 536px) 100vw, 536px\" \/><\/figure>\n<\/div>\n<\/div>\n<\/div>\n<\/div><\/div>\n\n\n\n<p class=\"has-text-align-center has-small-font-size\" style=\"line-height:.9\"><\/p>\n<\/div>\n\n\n\n<div style=\"height:64px\" aria-hidden=\"true\" class=\"wp-block-spacer\"><\/div>\n<\/div>\n\n\n\n<div class=\"wp-block-group is-layout-constrained wp-container-core-group-is-layout-da7f0b59 wp-block-group-is-layout-constrained\">\n<div class=\"wp-block-cover alignfull is-light is-style-default\" style=\"padding-top:var(--wp--preset--spacing--80);padding-right:0;padding-bottom:var(--wp--preset--spacing--80);padding-left:0\"><span aria-hidden=\"true\" class=\"wp-block-cover__background has-secondary-background-color has-background-dim-100 has-background-dim\"><\/span><div class=\"wp-block-cover__inner-container is-layout-flow wp-block-cover-is-layout-flow\">\n<div class=\"wp-block-group is-layout-constrained wp-container-core-group-is-layout-32228efa wp-block-group-is-layout-constrained\" style=\"padding-top:var(--wp--preset--spacing--50)\">\n<div class=\"wp-block-columns is-layout-flex wp-container-core-columns-is-layout-28f84493 wp-block-columns-is-layout-flex\">\n<div class=\"wp-block-column is-layout-flow wp-block-column-is-layout-flow\">\n<h6 class=\"wp-block-heading has-sub-heading-color-color has-text-color\">PRESTATIONS<\/h6>\n\n\n\n<h1 class=\"wp-block-heading has-background-color has-text-color\" style=\"margin-top:var(--wp--preset--spacing--40);font-size:52px;font-style:normal;font-weight:500\">Nos services<\/h1>\n<\/div>\n<\/div>\n\n\n\n<div style=\"height:49px\" aria-hidden=\"true\" class=\"wp-block-spacer\"><\/div>\n<\/div>\n\n\n\n<div class=\"wp-block-columns is-layout-flex wp-container-core-columns-is-layout-28f84493 wp-block-columns-is-layout-flex\">\n<div class=\"wp-block-column is-layout-flow wp-block-column-is-layout-flow\" style=\"flex-basis:15%\"><\/div>\n\n\n\n<div class=\"wp-block-column is-layout-constrained wp-block-column-is-layout-constrained\" style=\"flex-basis:70%\">\n<div class=\"wp-block-columns is-layout-flex wp-container-core-columns-is-layout-28f84493 wp-block-columns-is-layout-flex\">\n<div class=\"wp-block-column is-layout-flow wp-block-column-is-layout-flow\">\n<div class=\"wp-block-group is-style-fotawp-boxshadow-hover has-background-background-color has-background is-layout-constrained wp-container-core-group-is-layout-ca09131d wp-block-group-is-layout-constrained\" style=\"border-radius:10px;padding-top:var(--wp--preset--spacing--60);padding-right:var(--wp--preset--spacing--60);padding-bottom:var(--wp--preset--spacing--60);padding-left:var(--wp--preset--spacing--60)\">\n<div class=\"wp-block-group is-vertical is-layout-flex wp-container-core-group-is-layout-fe9cc265 wp-block-group-is-layout-flex\">\n<figure class=\"wp-block-image alignleft size-full fotawp-duotone-primary\"><img loading=\"lazy\" decoding=\"async\" width=\"96\" height=\"96\" src=\"http:\/\/researchmeup.fr\/wp-content\/uploads\/2023\/07\/path4538-2-1.png\" alt=\"\" class=\"wp-image-44\"\/><\/figure>\n\n\n\n<h6 class=\"wp-block-heading has-heading-color-color has-text-color has-large-font-size\">Conception<\/h6>\n\n\n\n<p class=\"has-foreground-color has-text-color\" style=\"font-size:18px;line-height:2\">Aide m\u00e9thodologique<br>Expertise r\u00e9glementaire <br>R\u00e9daction du rationnel scientifique<br>Calcul d&#8217;effectifs<\/p>\n<\/div>\n<\/div>\n<\/div>\n\n\n\n<div class=\"wp-block-column is-layout-flow wp-block-column-is-layout-flow\">\n<div class=\"wp-block-group is-style-fotawp-boxshadow-hover has-background-background-color has-background is-layout-constrained wp-container-core-group-is-layout-ca09131d wp-block-group-is-layout-constrained\" style=\"border-radius:10px;padding-top:var(--wp--preset--spacing--60);padding-right:var(--wp--preset--spacing--60);padding-bottom:var(--wp--preset--spacing--60);padding-left:var(--wp--preset--spacing--60)\">\n<div class=\"wp-block-group is-vertical is-layout-flex wp-container-core-group-is-layout-fe9cc265 wp-block-group-is-layout-flex\">\n<figure class=\"wp-block-image alignleft size-full fotawp-duotone-primary\"><img loading=\"lazy\" decoding=\"async\" width=\"96\" height=\"96\" src=\"http:\/\/researchmeup.fr\/wp-content\/uploads\/2023\/07\/path4538-3.png\" alt=\"\" class=\"wp-image-42\"\/><\/figure>\n\n\n\n<h6 class=\"wp-block-heading has-heading-color-color has-text-color has-large-font-size\">Mise en place<\/h6>\n\n\n\n<p class=\"has-foreground-color has-text-color\" style=\"font-size:18px;line-height:2\">Appui pour les d\u00e9marches administratives et financi\u00e8res<br>Gestion de projet <br>Conception des brochures (BI)<\/p>\n<\/div>\n<\/div>\n<\/div>\n\n\n\n<div class=\"wp-block-column is-layout-flow wp-block-column-is-layout-flow\">\n<div class=\"wp-block-group is-style-fotawp-boxshadow-hover has-background-background-color has-background is-layout-constrained wp-container-core-group-is-layout-ca09131d wp-block-group-is-layout-constrained\" style=\"border-radius:10px;padding-top:var(--wp--preset--spacing--60);padding-right:var(--wp--preset--spacing--60);padding-bottom:var(--wp--preset--spacing--60);padding-left:var(--wp--preset--spacing--60)\">\n<div class=\"wp-block-group is-vertical is-layout-flex wp-container-core-group-is-layout-fe9cc265 wp-block-group-is-layout-flex\">\n<figure class=\"wp-block-image alignleft size-full fotawp-duotone-primary\"><img loading=\"lazy\" decoding=\"async\" width=\"96\" height=\"96\" src=\"http:\/\/researchmeup.fr\/wp-content\/uploads\/2023\/07\/path4538-2-1.png\" alt=\"\" class=\"wp-image-44\"\/><\/figure>\n\n\n\n<h6 class=\"wp-block-heading has-heading-color-color has-text-color has-large-font-size\">Collecte des donn\u00e9es<\/h6>\n\n\n\n<p class=\"has-foreground-color has-text-color\" style=\"font-size:18px;line-height:2\">Conception de l&#8217;eCRF<br>Formation des investigateurs et du personnel sur site (BPC)<br>Monitoring \u00e0 distance<\/p>\n<\/div>\n<\/div>\n<\/div>\n<\/div>\n<\/div>\n\n\n\n<div class=\"wp-block-column is-layout-flow wp-block-column-is-layout-flow\" style=\"flex-basis:15%\"><\/div>\n<\/div>\n\n\n\n<div class=\"wp-block-columns is-layout-flex wp-container-core-columns-is-layout-28f84493 wp-block-columns-is-layout-flex\">\n<div class=\"wp-block-column is-layout-flow wp-block-column-is-layout-flow\" style=\"flex-basis:15%\"><\/div>\n\n\n\n<div class=\"wp-block-column is-layout-constrained wp-block-column-is-layout-constrained\" style=\"flex-basis:70%\">\n<div class=\"wp-block-columns is-layout-flex wp-container-core-columns-is-layout-28f84493 wp-block-columns-is-layout-flex\">\n<div class=\"wp-block-column is-layout-flow wp-block-column-is-layout-flow\">\n<div class=\"wp-block-group is-style-fotawp-boxshadow-hover has-background-background-color has-background is-layout-constrained wp-container-core-group-is-layout-ca09131d wp-block-group-is-layout-constrained\" style=\"border-radius:10px;padding-top:var(--wp--preset--spacing--60);padding-right:var(--wp--preset--spacing--60);padding-bottom:var(--wp--preset--spacing--60);padding-left:var(--wp--preset--spacing--60)\">\n<div class=\"wp-block-group is-vertical is-layout-flex wp-container-core-group-is-layout-fe9cc265 wp-block-group-is-layout-flex\">\n<figure class=\"wp-block-image alignleft size-full fotawp-duotone-primary\"><img loading=\"lazy\" decoding=\"async\" width=\"96\" height=\"96\" src=\"http:\/\/researchmeup.fr\/wp-content\/uploads\/2023\/07\/path4538-2-1.png\" alt=\"\" class=\"wp-image-44\"\/><\/figure>\n\n\n\n<h6 class=\"wp-block-heading has-heading-color-color has-text-color has-large-font-size\">Analyse<\/h6>\n\n\n\n<p class=\"has-foreground-color has-text-color\" style=\"font-size:18px;line-height:2\">Plan d&#8217;analyse statistiques<br>R\u00e9alisation des rapports d&#8217;analyse <br>Assurance qualit\u00e9 <\/p>\n<\/div>\n<\/div>\n<\/div>\n\n\n\n<div class=\"wp-block-column is-layout-flow wp-block-column-is-layout-flow\">\n<div class=\"wp-block-group is-style-fotawp-boxshadow-hover has-background-background-color has-background is-layout-constrained wp-container-core-group-is-layout-ca09131d wp-block-group-is-layout-constrained\" style=\"border-radius:10px;padding-top:var(--wp--preset--spacing--60);padding-right:var(--wp--preset--spacing--60);padding-bottom:var(--wp--preset--spacing--60);padding-left:var(--wp--preset--spacing--60)\">\n<div class=\"wp-block-group is-vertical is-layout-flex wp-container-core-group-is-layout-fe9cc265 wp-block-group-is-layout-flex\">\n<figure class=\"wp-block-image alignleft size-full fotawp-duotone-primary\"><img loading=\"lazy\" decoding=\"async\" width=\"96\" height=\"96\" src=\"http:\/\/researchmeup.fr\/wp-content\/uploads\/2023\/07\/path4538-3.png\" alt=\"\" class=\"wp-image-42\"\/><\/figure>\n\n\n\n<h6 class=\"wp-block-heading has-heading-color-color has-text-color has-large-font-size\">Valorisation<\/h6>\n\n\n\n<p class=\"has-foreground-color has-text-color\" style=\"font-size:18px;line-height:2\">D\u00e9p\u00f4t sur ClinicalTrials.gov<br>Aide \u00e0 la r\u00e9daction scientifique<br>R\u00e9sum\u00e9s et posters<\/p>\n<\/div>\n<\/div>\n<\/div>\n\n\n\n<div class=\"wp-block-column is-layout-flow wp-block-column-is-layout-flow\">\n<div class=\"wp-block-group is-style-fotawp-boxshadow-hover has-background-background-color has-background is-layout-constrained wp-container-core-group-is-layout-ca09131d wp-block-group-is-layout-constrained\" style=\"border-radius:10px;padding-top:var(--wp--preset--spacing--60);padding-right:var(--wp--preset--spacing--60);padding-bottom:var(--wp--preset--spacing--60);padding-left:var(--wp--preset--spacing--60)\">\n<div class=\"wp-block-group is-vertical is-layout-flex wp-container-core-group-is-layout-fe9cc265 wp-block-group-is-layout-flex\">\n<figure class=\"wp-block-image alignleft size-full fotawp-duotone-primary\"><img loading=\"lazy\" decoding=\"async\" width=\"96\" height=\"96\" src=\"http:\/\/researchmeup.fr\/wp-content\/uploads\/2023\/07\/path4538-2-1.png\" alt=\"\" class=\"wp-image-44\"\/><\/figure>\n\n\n\n<h6 class=\"wp-block-heading has-heading-color-color has-text-color has-large-font-size\">Communication<\/h6>\n\n\n\n<p class=\"has-foreground-color has-text-color\" style=\"font-size:18px;line-height:2\">Infographies et supports visuels<br>Cr\u00e9ation de logos <br>R\u00e9alisation de sites internet<\/p>\n<\/div>\n<\/div>\n<\/div>\n<\/div>\n<\/div>\n\n\n\n<div class=\"wp-block-column is-layout-flow wp-block-column-is-layout-flow\" style=\"flex-basis:15%\"><\/div>\n<\/div>\n<\/div><\/div>\n\n\n\n<div class=\"wp-block-columns are-vertically-aligned-center is-layout-flex wp-container-core-columns-is-layout-c4d1ba88 wp-block-columns-is-layout-flex\" style=\"padding-top:var(--wp--preset--spacing--80);padding-bottom:var(--wp--preset--spacing--50)\">\n<div class=\"wp-block-column is-vertically-aligned-center is-layout-flow wp-block-column-is-layout-flow\">\n<figure class=\"wp-block-image size-large has-custom-border\"><img loading=\"lazy\" decoding=\"async\" width=\"1024\" height=\"576\" src=\"http:\/\/researchmeup.fr\/wp-content\/uploads\/2023\/07\/Sans-titre-1024x576.png\" alt=\"\" class=\"wp-image-155\" style=\"border-radius:10px\" srcset=\"https:\/\/researchmeup.fr\/wp-content\/uploads\/2023\/07\/Sans-titre-1024x576.png 1024w, https:\/\/researchmeup.fr\/wp-content\/uploads\/2023\/07\/Sans-titre-300x169.png 300w, https:\/\/researchmeup.fr\/wp-content\/uploads\/2023\/07\/Sans-titre-768x432.png 768w, https:\/\/researchmeup.fr\/wp-content\/uploads\/2023\/07\/Sans-titre-1536x864.png 1536w, https:\/\/researchmeup.fr\/wp-content\/uploads\/2023\/07\/Sans-titre.png 2048w\" sizes=\"auto, (max-width: 1024px) 100vw, 1024px\" \/><\/figure>\n<\/div>\n\n\n\n<div class=\"wp-block-column is-vertically-aligned-center is-layout-flow wp-block-column-is-layout-flow\">\n<h6 class=\"wp-block-heading has-sub-heading-color-color has-text-color\">\/ Project 01<\/h6>\n\n\n\n<h1 class=\"wp-block-heading has-heading-color-color has-text-color\" style=\"font-size:52px;font-style:normal;font-weight:600;line-height:1\">Exemple de projet men\u00e9<\/h1>\n\n\n\n<p class=\"has-foreground-color has-text-color\" style=\"font-size:18px\">\u00c0 compl\u00e9ter plus tard, \u00e9ventuellement cela peut \u00eatre l&#8217;aper\u00e7u d&#8217;un article de blog.<\/p>\n\n\n\n<div class=\"wp-block-buttons is-layout-flex wp-block-buttons-is-layout-flex\">\n<div class=\"wp-block-button has-custom-font-size is-style-button-hover-secondary-color\" style=\"font-size:18px\"><a class=\"wp-block-button__link has-heading-color-color has-transparent-background-color has-text-color has-background wp-element-button\" href=\"#\" style=\"padding-top:0;padding-right:0;padding-bottom:0;padding-left:0\">Read More<\/a><\/div>\n<\/div>\n<\/div>\n<\/div>\n\n\n\n<div class=\"wp-block-group has-heading-color-color has-background-alt-background-color has-text-color has-background is-layout-constrained wp-container-core-group-is-layout-465a2fef wp-block-group-is-layout-constrained\" style=\"padding-top:0;padding-right:0;padding-bottom:0;padding-left:0\"><\/div>\n\n\n\n<div class=\"wp-block-columns are-vertically-aligned-center is-layout-flex wp-container-core-columns-is-layout-95d5aa5a wp-block-columns-is-layout-flex\" style=\"padding-top:var(--wp--preset--spacing--80);padding-bottom:var(--wp--preset--spacing--40)\">\n<div class=\"wp-block-column is-vertically-aligned-center is-layout-flow wp-block-column-is-layout-flow\">\n<h6 class=\"wp-block-heading has-sub-heading-color-color has-text-color\">\/ Project 02<\/h6>\n\n\n\n<h1 class=\"wp-block-heading has-heading-color-color has-text-color\" style=\"font-size:52px;font-style:normal;font-weight:600;line-height:1\">FOTA Tourism and Agriculture<\/h1>\n\n\n\n<p class=\"has-foreground-color has-text-color\" style=\"font-size:18px\">Every project is different and so should the process be. We\u2019ll define a clear framework of how we communicate, exchange feedback and effectively work together.<\/p>\n\n\n\n<div class=\"wp-block-buttons is-layout-flex wp-block-buttons-is-layout-flex\">\n<div class=\"wp-block-button has-custom-font-size is-style-button-hover-secondary-color\" style=\"font-size:18px\"><a class=\"wp-block-button__link has-heading-color-color has-transparent-background-color has-text-color has-background wp-element-button\" href=\"#\" style=\"padding-top:0;padding-right:0;padding-bottom:0;padding-left:0\">Read More<\/a><\/div>\n<\/div>\n<\/div>\n\n\n\n<div class=\"wp-block-column is-vertically-aligned-center is-layout-flow wp-block-column-is-layout-flow\">\n<figure class=\"wp-block-image alignright size-large has-custom-border\"><img loading=\"lazy\" decoding=\"async\" width=\"1024\" height=\"683\" src=\"http:\/\/researchmeup.fr\/wp-content\/uploads\/2023\/07\/lucas-vasques-9vnACvX2748-unsplash-1024x683.jpg\" alt=\"\" class=\"wp-image-156\" style=\"border-radius:10px\" srcset=\"https:\/\/researchmeup.fr\/wp-content\/uploads\/2023\/07\/lucas-vasques-9vnACvX2748-unsplash-1024x683.jpg 1024w, https:\/\/researchmeup.fr\/wp-content\/uploads\/2023\/07\/lucas-vasques-9vnACvX2748-unsplash-300x200.jpg 300w, https:\/\/researchmeup.fr\/wp-content\/uploads\/2023\/07\/lucas-vasques-9vnACvX2748-unsplash-768x512.jpg 768w, https:\/\/researchmeup.fr\/wp-content\/uploads\/2023\/07\/lucas-vasques-9vnACvX2748-unsplash-1536x1024.jpg 1536w, https:\/\/researchmeup.fr\/wp-content\/uploads\/2023\/07\/lucas-vasques-9vnACvX2748-unsplash-2048x1365.jpg 2048w\" sizes=\"auto, (max-width: 1024px) 100vw, 1024px\" \/><\/figure>\n<\/div>\n<\/div>\n\n\n\n<p><\/p>\n\n\n\n<div style=\"height:100px\" aria-hidden=\"true\" class=\"wp-block-spacer\"><\/div>\n\n\n\n<h2 class=\"wp-block-heading has-text-align-center\" id=\"schedule-a-visit\" style=\"font-size:59px;line-height:1.15\"><strong>D\u00e9couvrez nos experts<\/strong><\/h2>\n\n\n\n<div class=\"wp-block-buttons is-horizontal is-content-justification-center is-layout-flex wp-container-core-buttons-is-layout-03627597 wp-block-buttons-is-layout-flex\">\n<div class=\"wp-block-button has-custom-width wp-block-button__width-50\"><a class=\"wp-block-button__link has-text-color has-background wp-element-button\" href=\"http:\/\/researchmeup.fr\/index.php\/notre-equipe\/\" style=\"border-radius:50px;color:#ffffff;background-color:#000000\">L&#8217;\u00e9quipe Research Me Up<\/a><\/div>\n<\/div>\n<\/div>\n\n\n\n<p><\/p>\n","protected":false},"excerpt":{"rendered":"<p>\/ Project 01 Exemple de projet men\u00e9 \u00c0 compl\u00e9ter plus tard, \u00e9ventuellement cela peut \u00eatre l&#8217;aper\u00e7u d&#8217;un article de blog. \/ Project 02 FOTA Tourism and Agriculture Every project is different and so should the process be. We\u2019ll define a clear framework of how we communicate, exchange feedback and effectively work together. D\u00e9couvrez nos experts<\/p>\n","protected":false},"author":1,"featured_media":0,"parent":0,"menu_order":0,"comment_status":"closed","ping_status":"closed","template":"","meta":{"footnotes":""},"class_list":["post-65","page","type-page","status-publish","hentry"],"_links":{"self":[{"href":"https:\/\/researchmeup.fr\/index.php\/wp-json\/wp\/v2\/pages\/65","targetHints":{"allow":["GET"]}}],"collection":[{"href":"https:\/\/researchmeup.fr\/index.php\/wp-json\/wp\/v2\/pages"}],"about":[{"href":"https:\/\/researchmeup.fr\/index.php\/wp-json\/wp\/v2\/types\/page"}],"author":[{"embeddable":true,"href":"https:\/\/researchmeup.fr\/index.php\/wp-json\/wp\/v2\/users\/1"}],"replies":[{"embeddable":true,"href":"https:\/\/researchmeup.fr\/index.php\/wp-json\/wp\/v2\/comments?post=65"}],"version-history":[{"count":43,"href":"https:\/\/researchmeup.fr\/index.php\/wp-json\/wp\/v2\/pages\/65\/revisions"}],"predecessor-version":[{"id":174,"href":"https:\/\/researchmeup.fr\/index.php\/wp-json\/wp\/v2\/pages\/65\/revisions\/174"}],"wp:attachment":[{"href":"https:\/\/researchmeup.fr\/index.php\/wp-json\/wp\/v2\/media?parent=65"}],"curies":[{"name":"wp","href":"https:\/\/api.w.org\/{rel}","templated":true}]}}