{"id":172,"date":"2023-07-24T13:03:08","date_gmt":"2023-07-24T11:03:08","guid":{"rendered":"http:\/\/researchmeup.fr\/?page_id=172"},"modified":"2023-07-24T13:03:08","modified_gmt":"2023-07-24T11:03:08","slug":"mentions-legales","status":"publish","type":"page","link":"https:\/\/researchmeup.fr\/index.php\/mentions-legales\/","title":{"rendered":"Mentions l\u00e9gales"},"content":{"rendered":"\n<p><\/p>\n\n\n\n<div class=\"wp-block-columns is-layout-flex wp-container-core-columns-is-layout-28f84493 wp-block-columns-is-layout-flex\">\n<div class=\"wp-block-column is-layout-flow wp-block-column-is-layout-flow\" style=\"flex-basis:25%\"><\/div>\n\n\n\n<div class=\"wp-block-column is-layout-flow wp-block-column-is-layout-flow\" style=\"flex-basis:50%\">\n<p class=\"has-medium-font-size\"><strong>Research Me Up <\/strong><br>Association de fait d&#8217;accompagnement \u00e0 la recherche clinique <\/p>\n\n\n\n<p class=\"has-x-small-font-size\">Adresse e-mail : contact@researchmeup.fr<br>Responsable de la publication : Emeline Fresnel<br>H\u00e9bergement du site : OVH Cloud, \u00a02 rue Kellermann &#8211; 59100 Roubaix &#8211; France<\/p>\n\n\n\n<ol class=\"wp-block-list\" start=\"1\">\n<li class=\"has-x-small-font-size\"><strong>Propri\u00e9t\u00e9 intellectuelle :<\/strong><\/li>\n<\/ol>\n\n\n\n<p class=\"has-x-small-font-size\">Le pr\u00e9sent site internet et l&#8217;ensemble de son contenu (textes, images, vid\u00e9os, logos, etc.) sont la propri\u00e9t\u00e9 exclusive de Research Me Up ou font l&#8217;objet d&#8217;une autorisation d&#8217;utilisation. Toute reproduction, repr\u00e9sentation, modification, publication ou adaptation, m\u00eame partielle, est strictement interdite sans l&#8217;accord pr\u00e9alable \u00e9crit de l&#8217;association.<\/p>\n\n\n\n<ol class=\"wp-block-list\" start=\"2\">\n<li class=\"has-x-small-font-size\"><strong>Collecte de donn\u00e9es personnelles :<\/strong><\/li>\n<\/ol>\n\n\n\n<p class=\"has-x-small-font-size\">Research Me Up s&#8217;engage \u00e0 respecter la confidentialit\u00e9 des donn\u00e9es personnelles des utilisateurs du site internet. Les donn\u00e9es collect\u00e9es sont uniquement destin\u00e9es \u00e0 un usage interne et ne seront en aucun cas c\u00e9d\u00e9es ou vendues \u00e0 des tiers. Conform\u00e9ment \u00e0 la r\u00e9glementation en vigueur sur la protection des donn\u00e9es personnelles, les utilisateurs disposent d&#8217;un droit d&#8217;acc\u00e8s, de rectification, d&#8217;opposition et de suppression des donn\u00e9es les concernant. Pour exercer ces droits, veuillez nous contacter par e-mail \u00e0 l&#8217;adresse <a href=\"mailto:contact@researchmeup.fr\">contact@researchmeup.fr<\/a>.<\/p>\n\n\n\n<ol class=\"wp-block-list\" start=\"3\">\n<li class=\"has-x-small-font-size\"><strong>Cookies :<\/strong><\/li>\n<\/ol>\n\n\n\n<p class=\"has-x-small-font-size\">Le site internet de Research Me Up peut utiliser des cookies pour am\u00e9liorer l&#8217;exp\u00e9rience de navigation des utilisateurs. Les cookies sont de petits fichiers enregistr\u00e9s sur le disque dur de l&#8217;utilisateur par le navigateur et qui permettent de suivre certaines informations relatives \u00e0 la navigation. Les utilisateurs ont la possibilit\u00e9 de d\u00e9sactiver les cookies dans les param\u00e8tres de leur navigateur, mais cela pourrait limiter certaines fonctionnalit\u00e9s du site.<\/p>\n\n\n\n<ol class=\"wp-block-list\" start=\"4\">\n<li class=\"has-x-small-font-size\"><strong>Responsabilit\u00e9 :<\/strong><\/li>\n<\/ol>\n\n\n\n<p class=\"has-x-small-font-size\">Research Me Up s&#8217;efforce de fournir des informations exactes et \u00e0 jour sur son site internet. Cependant, l&#8217;association ne peut garantir l&#8217;exactitude, la pertinence ou l&#8217;exhaustivit\u00e9 des informations fournies. En cons\u00e9quence, l&#8217;association d\u00e9cline toute responsabilit\u00e9 quant \u00e0 l&#8217;utilisation qui pourrait \u00eatre faite des informations disponibles sur le site.<\/p>\n\n\n\n<ol class=\"wp-block-list\" start=\"5\">\n<li class=\"has-x-small-font-size\"><strong>Liens vers d&#8217;autres sites :<\/strong><\/li>\n<\/ol>\n\n\n\n<p class=\"has-x-small-font-size\">Le site internet de Research Me Up peut contenir des liens vers d&#8217;autres sites internet. Ces liens sont fournis \u00e0 titre informatif uniquement et l&#8217;association n&#8217;assume aucune responsabilit\u00e9 quant au contenu de ces sites tiers.<\/p>\n\n\n\n<ol class=\"wp-block-list\" start=\"6\">\n<li class=\"has-x-small-font-size\"><strong>Modification des mentions l\u00e9gales :<\/strong><\/li>\n<\/ol>\n\n\n\n<p class=\"has-x-small-font-size\">Research Me Up se r\u00e9serve le droit de modifier les pr\u00e9sentes mentions l\u00e9gales \u00e0 tout moment, en fonction des \u00e9volutions du site internet et de la l\u00e9gislation en vigueur. Les utilisateurs sont invit\u00e9s \u00e0 consulter r\u00e9guli\u00e8rement cette page pour prendre connaissance des \u00e9ventuelles modifications.<\/p>\n\n\n\n<p class=\"has-x-small-font-size\">Date de derni\u00e8re mise \u00e0 jour des mentions l\u00e9gales : 24\/07\/2023<\/p>\n\n\n\n<p class=\"has-x-small-font-size\">En naviguant sur le site de Research Me Up, vous acceptez l&#8217;ensemble des conditions \u00e9nonc\u00e9es dans ces mentions l\u00e9gales. Si vous avez des questions ou des pr\u00e9occupations concernant ces mentions l\u00e9gales, veuillez nous contacter \u00e0 l&#8217;adresse e-mail <a href=\"mailto:contact@researchmeup.fr\">contact@researchmeup.fr<\/a>.<\/p>\n<\/div>\n\n\n\n<div class=\"wp-block-column is-layout-flow wp-block-column-is-layout-flow\" style=\"flex-basis:25%\"><\/div>\n<\/div>\n","protected":false},"excerpt":{"rendered":"<p>Research Me Up Association de fait d&#8217;accompagnement \u00e0 la recherche clinique Adresse e-mail : contact@researchmeup.frResponsable de la publication : Emeline FresnelH\u00e9bergement du site : OVH Cloud, \u00a02 rue Kellermann &#8211; 59100 Roubaix &#8211; France Le pr\u00e9sent site internet et l&#8217;ensemble de son contenu (textes, images, vid\u00e9os, logos, etc.) sont la propri\u00e9t\u00e9 exclusive de Research Me&#8230;<\/p>\n","protected":false},"author":1,"featured_media":0,"parent":0,"menu_order":0,"comment_status":"closed","ping_status":"closed","template":"","meta":{"footnotes":""},"class_list":["post-172","page","type-page","status-publish","hentry"],"_links":{"self":[{"href":"https:\/\/researchmeup.fr\/index.php\/wp-json\/wp\/v2\/pages\/172","targetHints":{"allow":["GET"]}}],"collection":[{"href":"https:\/\/researchmeup.fr\/index.php\/wp-json\/wp\/v2\/pages"}],"about":[{"href":"https:\/\/researchmeup.fr\/index.php\/wp-json\/wp\/v2\/types\/page"}],"author":[{"embeddable":true,"href":"https:\/\/researchmeup.fr\/index.php\/wp-json\/wp\/v2\/users\/1"}],"replies":[{"embeddable":true,"href":"https:\/\/researchmeup.fr\/index.php\/wp-json\/wp\/v2\/comments?post=172"}],"version-history":[{"count":4,"href":"https:\/\/researchmeup.fr\/index.php\/wp-json\/wp\/v2\/pages\/172\/revisions"}],"predecessor-version":[{"id":178,"href":"https:\/\/researchmeup.fr\/index.php\/wp-json\/wp\/v2\/pages\/172\/revisions\/178"}],"wp:attachment":[{"href":"https:\/\/researchmeup.fr\/index.php\/wp-json\/wp\/v2\/media?parent=172"}],"curies":[{"name":"wp","href":"https:\/\/api.w.org\/{rel}","templated":true}]}}